{"id":239,"date":"2025-11-12T13:04:24","date_gmt":"2025-11-12T12:04:24","guid":{"rendered":"https:\/\/massage.yumegin.fr\/index.php\/soin-visage\/"},"modified":"2026-02-05T16:49:57","modified_gmt":"2026-02-05T15:49:57","slug":"soin-visage","status":"publish","type":"page","link":"https:\/\/massage.yumegin.fr\/index.php\/soin-visage\/","title":{"rendered":"Soin Visage"},"content":{"rendered":"","protected":false},"excerpt":{"rendered":"","protected":false},"author":1,"featured_media":0,"parent":0,"menu_order":0,"comment_status":"closed","ping_status":"closed","template":"","meta":{"saved_in_kubio":true,"footnotes":""},"class_list":["post-239","page","type-page","status-publish","hentry"],"kubio_ai_page_context":{"short_desc":"","purpose":"general"},"yoast_head":"<!-- This site is optimized with the Yoast SEO plugin v27.3 - https:\/\/yoast.com\/product\/yoast-seo-wordpress\/ -->\n<title>Soin Visage - YumeGin Massage Bien-\u00catre Professionnel \u00e0 Bassens<\/title>\n<meta name=\"robots\" content=\"index, follow, max-snippet:-1, max-image-preview:large, max-video-preview:-1\" \/>\n<link rel=\"canonical\" href=\"https:\/\/massage.yumegin.fr\/index.php\/soin-visage\/\" \/>\n<meta property=\"og:locale\" content=\"fr_FR\" \/>\n<meta property=\"og:type\" content=\"article\" \/>\n<meta property=\"og:title\" content=\"Soin Visage - YumeGin Massage Bien-\u00catre Professionnel \u00e0 Bassens\" \/>\n<meta property=\"og:url\" content=\"https:\/\/massage.yumegin.fr\/index.php\/soin-visage\/\" \/>\n<meta property=\"og:site_name\" content=\"YumeGin Massage Bien-\u00catre Professionnel \u00e0 Bassens\" \/>\n<meta property=\"article:modified_time\" content=\"2026-02-05T15:49:57+00:00\" \/>\n<meta name=\"twitter:card\" content=\"summary_large_image\" \/>\n<meta name=\"twitter:label1\" content=\"Dur\u00e9e de lecture estim\u00e9e\" \/>\n\t<meta name=\"twitter:data1\" content=\"1 minute\" \/>\n<script type=\"application\/ld+json\" class=\"yoast-schema-graph\">{\"@context\":\"https:\\\/\\\/schema.org\",\"@graph\":[{\"@type\":\"WebPage\",\"@id\":\"https:\\\/\\\/massage.yumegin.fr\\\/index.php\\\/soin-visage\\\/\",\"url\":\"https:\\\/\\\/massage.yumegin.fr\\\/index.php\\\/soin-visage\\\/\",\"name\":\"Soin Visage - YumeGin Massage Bien-\u00catre Professionnel \u00e0 Bassens\",\"isPartOf\":{\"@id\":\"https:\\\/\\\/massage.yumegin.fr\\\/#website\"},\"datePublished\":\"2025-11-12T12:04:24+00:00\",\"dateModified\":\"2026-02-05T15:49:57+00:00\",\"breadcrumb\":{\"@id\":\"https:\\\/\\\/massage.yumegin.fr\\\/index.php\\\/soin-visage\\\/#breadcrumb\"},\"inLanguage\":\"fr-FR\",\"potentialAction\":[{\"@type\":\"ReadAction\",\"target\":[\"https:\\\/\\\/massage.yumegin.fr\\\/index.php\\\/soin-visage\\\/\"]}]},{\"@type\":\"BreadcrumbList\",\"@id\":\"https:\\\/\\\/massage.yumegin.fr\\\/index.php\\\/soin-visage\\\/#breadcrumb\",\"itemListElement\":[{\"@type\":\"ListItem\",\"position\":1,\"name\":\"Accueil\",\"item\":\"https:\\\/\\\/massage.yumegin.fr\\\/\"},{\"@type\":\"ListItem\",\"position\":2,\"name\":\"Soin Visage\"}]},{\"@type\":\"WebSite\",\"@id\":\"https:\\\/\\\/massage.yumegin.fr\\\/#website\",\"url\":\"https:\\\/\\\/massage.yumegin.fr\\\/\",\"name\":\"YumeGin Massage\",\"description\":\"Massage bien-\u00eatre professionnel sp\u00e9cialis\u00e9 dans l&#039;accompagnement de la femme\",\"publisher\":{\"@id\":\"https:\\\/\\\/massage.yumegin.fr\\\/#\\\/schema\\\/person\\\/12b848138666f1ce6d5e20fa8b90a9db\"},\"potentialAction\":[{\"@type\":\"SearchAction\",\"target\":{\"@type\":\"EntryPoint\",\"urlTemplate\":\"https:\\\/\\\/massage.yumegin.fr\\\/?s={search_term_string}\"},\"query-input\":{\"@type\":\"PropertyValueSpecification\",\"valueRequired\":true,\"valueName\":\"search_term_string\"}}],\"inLanguage\":\"fr-FR\"},{\"@type\":[\"Person\",\"Organization\"],\"@id\":\"https:\\\/\\\/massage.yumegin.fr\\\/#\\\/schema\\\/person\\\/12b848138666f1ce6d5e20fa8b90a9db\",\"name\":\"virginie\",\"image\":{\"@type\":\"ImageObject\",\"inLanguage\":\"fr-FR\",\"@id\":\"https:\\\/\\\/massage.yumegin.fr\\\/wp-content\\\/uploads\\\/2025\\\/10\\\/Logo-YumeGin.png\",\"url\":\"https:\\\/\\\/massage.yumegin.fr\\\/wp-content\\\/uploads\\\/2025\\\/10\\\/Logo-YumeGin.png\",\"contentUrl\":\"https:\\\/\\\/massage.yumegin.fr\\\/wp-content\\\/uploads\\\/2025\\\/10\\\/Logo-YumeGin.png\",\"width\":500,\"height\":500,\"caption\":\"virginie\"},\"logo\":{\"@id\":\"https:\\\/\\\/massage.yumegin.fr\\\/wp-content\\\/uploads\\\/2025\\\/10\\\/Logo-YumeGin.png\"},\"sameAs\":[\"https:\\\/\\\/massage.yumegin.fr\"]}]}<\/script>\n<!-- \/ Yoast SEO plugin. -->","yoast_head_json":{"title":"Soin Visage - YumeGin Massage Bien-\u00catre Professionnel \u00e0 Bassens","robots":{"index":"index","follow":"follow","max-snippet":"max-snippet:-1","max-image-preview":"max-image-preview:large","max-video-preview":"max-video-preview:-1"},"canonical":"https:\/\/massage.yumegin.fr\/index.php\/soin-visage\/","og_locale":"fr_FR","og_type":"article","og_title":"Soin Visage - YumeGin Massage Bien-\u00catre Professionnel \u00e0 Bassens","og_url":"https:\/\/massage.yumegin.fr\/index.php\/soin-visage\/","og_site_name":"YumeGin Massage Bien-\u00catre Professionnel \u00e0 Bassens","article_modified_time":"2026-02-05T15:49:57+00:00","twitter_card":"summary_large_image","twitter_misc":{"Dur\u00e9e de lecture estim\u00e9e":"1 minute"},"schema":{"@context":"https:\/\/schema.org","@graph":[{"@type":"WebPage","@id":"https:\/\/massage.yumegin.fr\/index.php\/soin-visage\/","url":"https:\/\/massage.yumegin.fr\/index.php\/soin-visage\/","name":"Soin Visage - YumeGin Massage Bien-\u00catre Professionnel \u00e0 Bassens","isPartOf":{"@id":"https:\/\/massage.yumegin.fr\/#website"},"datePublished":"2025-11-12T12:04:24+00:00","dateModified":"2026-02-05T15:49:57+00:00","breadcrumb":{"@id":"https:\/\/massage.yumegin.fr\/index.php\/soin-visage\/#breadcrumb"},"inLanguage":"fr-FR","potentialAction":[{"@type":"ReadAction","target":["https:\/\/massage.yumegin.fr\/index.php\/soin-visage\/"]}]},{"@type":"BreadcrumbList","@id":"https:\/\/massage.yumegin.fr\/index.php\/soin-visage\/#breadcrumb","itemListElement":[{"@type":"ListItem","position":1,"name":"Accueil","item":"https:\/\/massage.yumegin.fr\/"},{"@type":"ListItem","position":2,"name":"Soin Visage"}]},{"@type":"WebSite","@id":"https:\/\/massage.yumegin.fr\/#website","url":"https:\/\/massage.yumegin.fr\/","name":"YumeGin Massage","description":"Massage bien-\u00eatre professionnel sp\u00e9cialis\u00e9 dans l&#039;accompagnement de la femme","publisher":{"@id":"https:\/\/massage.yumegin.fr\/#\/schema\/person\/12b848138666f1ce6d5e20fa8b90a9db"},"potentialAction":[{"@type":"SearchAction","target":{"@type":"EntryPoint","urlTemplate":"https:\/\/massage.yumegin.fr\/?s={search_term_string}"},"query-input":{"@type":"PropertyValueSpecification","valueRequired":true,"valueName":"search_term_string"}}],"inLanguage":"fr-FR"},{"@type":["Person","Organization"],"@id":"https:\/\/massage.yumegin.fr\/#\/schema\/person\/12b848138666f1ce6d5e20fa8b90a9db","name":"virginie","image":{"@type":"ImageObject","inLanguage":"fr-FR","@id":"https:\/\/massage.yumegin.fr\/wp-content\/uploads\/2025\/10\/Logo-YumeGin.png","url":"https:\/\/massage.yumegin.fr\/wp-content\/uploads\/2025\/10\/Logo-YumeGin.png","contentUrl":"https:\/\/massage.yumegin.fr\/wp-content\/uploads\/2025\/10\/Logo-YumeGin.png","width":500,"height":500,"caption":"virginie"},"logo":{"@id":"https:\/\/massage.yumegin.fr\/wp-content\/uploads\/2025\/10\/Logo-YumeGin.png"},"sameAs":["https:\/\/massage.yumegin.fr"]}]}},"_links":{"self":[{"href":"https:\/\/massage.yumegin.fr\/index.php\/wp-json\/wp\/v2\/pages\/239","targetHints":{"allow":["GET"]}}],"collection":[{"href":"https:\/\/massage.yumegin.fr\/index.php\/wp-json\/wp\/v2\/pages"}],"about":[{"href":"https:\/\/massage.yumegin.fr\/index.php\/wp-json\/wp\/v2\/types\/page"}],"author":[{"embeddable":true,"href":"https:\/\/massage.yumegin.fr\/index.php\/wp-json\/wp\/v2\/users\/1"}],"replies":[{"embeddable":true,"href":"https:\/\/massage.yumegin.fr\/index.php\/wp-json\/wp\/v2\/comments?post=239"}],"version-history":[{"count":15,"href":"https:\/\/massage.yumegin.fr\/index.php\/wp-json\/wp\/v2\/pages\/239\/revisions"}],"predecessor-version":[{"id":574,"href":"https:\/\/massage.yumegin.fr\/index.php\/wp-json\/wp\/v2\/pages\/239\/revisions\/574"}],"wp:attachment":[{"href":"https:\/\/massage.yumegin.fr\/index.php\/wp-json\/wp\/v2\/media?parent=239"}],"curies":[{"name":"wp","href":"https:\/\/api.w.org\/{rel}","templated":true}]}}